{"id":66,"date":"2021-05-11T17:49:41","date_gmt":"2021-05-11T17:49:41","guid":{"rendered":"http:\/\/nsdx.org\/?page_id=66"},"modified":"2024-12-09T15:41:57","modified_gmt":"2024-12-09T15:41:57","slug":"shows-2","status":"publish","type":"page","link":"https:\/\/nsdx.org\/index.php\/shows-2\/","title":{"rendered":"Shows"},"content":{"rendered":"\n<p><strong>Upcoming shows:<\/strong><\/p>\n\n\n\n<p><strong>19 d\u00e9cembre &#8211; ArtLess Gallery \u00e0 Marseille (13)<br>20 d\u00e9cembre &#8211; Th\u00e9\u00e2tre Transversal \u00e0 Avignon (84)<\/strong><\/p>\n\n\n\n<!--more-->\n\n\n\n<p><strong>Past shows:<\/strong><\/p>\n\n\n\n<p><strong>2024<\/strong><\/p>\n\n\n\n<p>2 novembre &#8211; Caf\u00e9 Le PasSage \u00e0 Romans (26) place de la Fontaine Couvert &#8211; \u00e0 20h30<br>5 juillet \u00e0 Tolmin (Slov\u00e9nie) 25 ans du festival Sajeta (<a href=\"https:\/\/www.sajeta.org\/en\/\" data-type=\"link\" data-id=\"https:\/\/www.sajeta.org\/en\/\">+info<\/a>)<br>1er juin \u00e0 Chatenay (38)<br>10 f\u00e9vrier 24 \u00e0 St Paul d&#8217;Izeaux (38) &#8211; Le Salon Vert #1<\/p>\n\n\n\n<p><strong>2023<\/strong><\/p>\n\n\n\n<p>21 juillet 23 \u00e0 la G\u00e9linotte de Freydi\u00e8res (38) (+info)<br>20 juillet 23 \u00e0 Annecy (74) L&#8217;\u00c9crevis (+info)<br>15 juillet 23 \u00e0 Saint Hilaire du Touvet (38) le Baribal (+info)<br>24 juin 23 \u00e0 St Geoire en Valdaine (38) &#8220;F\u00eate Comme Chez Vous&#8221; \u00a0(+info)<br>3 juin 23 \u00e0 Grenoble (38) &#8211; Le 102 (Nuit Musicale des 40 ans) \u00a0(+info)<br>2 juin 23 \u00e0 Bourgoin-Jallieu (38) Les Abattoirs \u00a0(<a class=\"\" href=\"https:\/\/www.lesabattoirs.fr\/programmation\/nsdx-le-02-06-2023-aux-abattoirs\">+info<\/a>)<br><strong><br>2021<\/strong><\/p>\n\n\n\n<p>24 octobre 21 &#8211; Chalon-sur-Sa\u00f4ne (71) &#8211; <a href=\"http:\/\/www.lapeniche.org\/agenda\/1088\/occult-hand-order\/\" data-type=\"URL\" data-id=\"http:\/\/www.lapeniche.org\/agenda\/1088\/occult-hand-order\/\">La P\u00e9niche<\/a> &#8211; <a href=\"https:\/\/www.facebook.com\/events\/605722323751831\" data-type=\"URL\" data-id=\"https:\/\/www.facebook.com\/events\/605722323751831\">Event FB<\/a><br>23 octobre 21 &#8211; Grandris (69) &#8211; Librairie Compagnon<br>22 octobre 21 &#8211; Grenoble (38) &#8211; <a href=\"https:\/\/labobine.net\/evenement\/under-the-reefs-orchestra-nsdx\/\" data-type=\"URL\" data-id=\"https:\/\/labobine.net\/evenement\/under-the-reefs-orchestra-nsdx\/\">La Bobine<\/a> &#8211; <a href=\"http:\/\/www.facebook.com\/events\/182488973951011\/\" data-type=\"URL\" data-id=\"www.facebook.com\/events\/182488973951011\/\">Event FB<\/a><strong><br><\/strong><\/p>\n","protected":false},"excerpt":{"rendered":"<p>Upcoming shows: 19 d\u00e9cembre &#8211; ArtLess Gallery \u00e0 Marseille (13)20 d\u00e9cembre &#8211; Th\u00e9\u00e2tre Transversal \u00e0 Avignon (84)<\/p>\n","protected":false},"author":1,"featured_media":0,"parent":0,"menu_order":0,"comment_status":"closed","ping_status":"closed","template":"","meta":{"footnotes":""},"class_list":["post-66","page","type-page","status-publish","hentry"],"_links":{"self":[{"href":"https:\/\/nsdx.org\/index.php\/wp-json\/wp\/v2\/pages\/66","targetHints":{"allow":["GET"]}}],"collection":[{"href":"https:\/\/nsdx.org\/index.php\/wp-json\/wp\/v2\/pages"}],"about":[{"href":"https:\/\/nsdx.org\/index.php\/wp-json\/wp\/v2\/types\/page"}],"author":[{"embeddable":true,"href":"https:\/\/nsdx.org\/index.php\/wp-json\/wp\/v2\/users\/1"}],"replies":[{"embeddable":true,"href":"https:\/\/nsdx.org\/index.php\/wp-json\/wp\/v2\/comments?post=66"}],"version-history":[{"count":12,"href":"https:\/\/nsdx.org\/index.php\/wp-json\/wp\/v2\/pages\/66\/revisions"}],"predecessor-version":[{"id":179,"href":"https:\/\/nsdx.org\/index.php\/wp-json\/wp\/v2\/pages\/66\/revisions\/179"}],"wp:attachment":[{"href":"https:\/\/nsdx.org\/index.php\/wp-json\/wp\/v2\/media?parent=66"}],"curies":[{"name":"wp","href":"https:\/\/api.w.org\/{rel}","templated":true}]}}