{"id":25,"date":"2021-05-11T16:36:52","date_gmt":"2021-05-11T16:36:52","guid":{"rendered":"http:\/\/nsdx.org\/?page_id=25"},"modified":"2024-10-08T16:18:34","modified_gmt":"2024-10-08T16:18:34","slug":"about","status":"publish","type":"page","link":"https:\/\/nsdx.org\/index.php\/about\/","title":{"rendered":"About"},"content":{"rendered":"\n<blockquote class=\"wp-block-quote is-layout-flow wp-block-quote-is-layout-flow\">\n<p><em>(English below)<\/em><\/p>\n\n\n\n<p>Tout a d\u00e9but\u00e9 dans les ann\u00e9es 1980, lorsque le saxophoniste Olivier Masson et le batteur JWelt ont tourn\u00e9 en Europe avec le son unique et inclassable de leur groupe ART MOULU, dans la veine de Rock in Opposition. Quelques d\u00e9cennies plus tard, la formation de NOUSDEUX ETRANGE ENSEMBLE ouvre un nouveau chapitre, avec la participation de Maureen Siegel au chant \/ claviers. Le groupe a sorti deux albums &#8211; STRANGE TOGETHER en 2023 et DOUBLE WONDERFUL en 2017 &#8211; et a collabor\u00e9 avec Sourdure en 2022 pour le label Monster K7.<\/p>\n\n\n\n<p>Trois membres, trois parcours et trois esth\u00e9tiques diff\u00e9rents se retrouvent pour composer le r\u00e9pertoire de NOUSDEUX ETRANGE ENSEMBLE.<br>Du punk romantique, du jazz chaotique, du rock sans guitare &#8211; leur musique est une chanson d\u2019amour pour les micro-moments qui composent la vie.<\/p>\n\n\n\n<p>JWelt : batterie<br>Olivier MASSON : saxophones<br>Maureen SIEGEL : chant et claviers<br>David CHAMLA : son<\/p>\n\n\n\n<p><\/p>\n\n\n\n<p><\/p>\n\n\n\n<p>It all began in the 1980s, when the group ART MOULU toured Europe with a unique, unclassifiable sound in the vein of Rock in Opposition. Decades later, a new chapter has begun with the formation of NOUSDEUX ETRANGE ENSEMBLE and the participation of singer\/keyboardist Maureen Siegel. They have released two albums &#8212; STRANGE TOGETHER in 2023 and DOUBLE WONDERFUL in 2017 &#8212; and collaborated with Sourdure in 2022 for Monster K7 records.<\/p>\n\n\n\n<p>Three members, three backgrounds and three different esthetics come together to compose their music. NOUSDEUX ETRANGE ENSEMBLE is romantic punk, chaotic jazz and rock without a guitar. It is a love song for the micro-moments that make up our lives.<\/p>\n\n\n\n<p>JWelt : drums<\/p>\n\n\n\n<p>Olivier MASSON : saxophones&nbsp;<\/p>\n\n\n\n<p>Maureen SIEGEL : vocals and keyboard<\/p>\n\n\n\n<p>David CHAMLA : sound<\/p>\n<\/blockquote>\n","protected":false},"excerpt":{"rendered":"<p>(English below) Tout a d\u00e9but\u00e9 dans les ann\u00e9es 1980, lorsque le saxophoniste Olivier Masson et le batteur JWelt ont tourn\u00e9 en Europe avec le son unique et inclassable de leur groupe ART MOULU, dans la veine de Rock in Opposition. Quelques d\u00e9cennies plus tard, la formation de NOUSDEUX ETRANGE ENSEMBLE ouvre un nouveau chapitre, avec [&hellip;]<\/p>\n","protected":false},"author":1,"featured_media":0,"parent":0,"menu_order":0,"comment_status":"closed","ping_status":"closed","template":"","meta":{"footnotes":""},"class_list":["post-25","page","type-page","status-publish","hentry"],"_links":{"self":[{"href":"https:\/\/nsdx.org\/index.php\/wp-json\/wp\/v2\/pages\/25","targetHints":{"allow":["GET"]}}],"collection":[{"href":"https:\/\/nsdx.org\/index.php\/wp-json\/wp\/v2\/pages"}],"about":[{"href":"https:\/\/nsdx.org\/index.php\/wp-json\/wp\/v2\/types\/page"}],"author":[{"embeddable":true,"href":"https:\/\/nsdx.org\/index.php\/wp-json\/wp\/v2\/users\/1"}],"replies":[{"embeddable":true,"href":"https:\/\/nsdx.org\/index.php\/wp-json\/wp\/v2\/comments?post=25"}],"version-history":[{"count":7,"href":"https:\/\/nsdx.org\/index.php\/wp-json\/wp\/v2\/pages\/25\/revisions"}],"predecessor-version":[{"id":172,"href":"https:\/\/nsdx.org\/index.php\/wp-json\/wp\/v2\/pages\/25\/revisions\/172"}],"wp:attachment":[{"href":"https:\/\/nsdx.org\/index.php\/wp-json\/wp\/v2\/media?parent=25"}],"curies":[{"name":"wp","href":"https:\/\/api.w.org\/{rel}","templated":true}]}}